{"id":70,"date":"2021-12-09T16:38:19","date_gmt":"2021-12-09T15:38:19","guid":{"rendered":"http:\/\/boprojet.com\/?page_id=70"},"modified":"2022-09-30T16:23:32","modified_gmt":"2022-09-30T14:23:32","slug":"portrait","status":"publish","type":"page","link":"https:\/\/boprojet.com\/index.php\/portrait\/","title":{"rendered":"Portrait"},"content":{"rendered":"\n<p>De formation d&#8217;Ecole de Commerce, j&#8217;ai d\u00e9but\u00e9 ma carri\u00e8re chez un grand \u00e9diteur fran\u00e7ais de tissu d&#8217;ameublement. <\/p>\n\n\n\n<p>Par la suite, j&#8217;ai travaill\u00e9 dans le Marketing et la communication dans divers secteurs d&#8217;activit\u00e9, \u00e0 des postes me permettant toujours de d\u00e9velopper ma cr\u00e9ativit\u00e9.<\/p>\n\n\n\n<p>Il y a deux ans, j&#8217;ai souhait\u00e9 retrouver le plaisir que j&#8217;ai eu jeune dipl\u00f4m\u00e9e de travailler dans des secteurs proches du design, de la d\u00e9coration et de l&#8217;am\u00e9nagement d&#8217;espace. J&#8217;ai donc suivi une formation en Design d&#8217;Espace et j&#8217;ai obtenu mon dipl\u00f4me d&#8217;\u00e9tat en juillet 2021.<\/p>\n\n\n\n<p>A pr\u00e9sent, je tente d&#8217;insuffler po\u00e9sie et confort de vivre dans le quotidien de mes clients. Je travaille en \u00e9troite collaboration avec des artisans locaux pour cr\u00e9er des projets uniques et lumineux.<\/p>\n\n\n\n<blockquote class=\"wp-block-quote\"><p>&#8220;Dans tout enfant il y a un artiste. Le probl\u00e8me est de savoir rester artiste en grandissant.&#8221;<\/p><cite>Pablo Picasso<\/cite><\/blockquote>\n","protected":false},"excerpt":{"rendered":"<p>De formation d&#8217;Ecole de Commerce, j&#8217;ai d\u00e9but\u00e9 ma carri\u00e8re chez un grand \u00e9diteur fran\u00e7ais de tissu d&#8217;ameublement. Par la suite, j&#8217;ai travaill\u00e9 dans le Marketing et la communication dans divers secteurs d&#8217;activit\u00e9, \u00e0 des postes me permettant toujours de d\u00e9velopper ma cr\u00e9ativit\u00e9. Il y a deux ans, j&#8217;ai souhait\u00e9 retrouver le plaisir que j&#8217;ai eu &hellip; <\/p>\n","protected":false},"author":1,"featured_media":309,"parent":0,"menu_order":0,"comment_status":"closed","ping_status":"closed","template":"","meta":[],"_links":{"self":[{"href":"https:\/\/boprojet.com\/index.php\/wp-json\/wp\/v2\/pages\/70"}],"collection":[{"href":"https:\/\/boprojet.com\/index.php\/wp-json\/wp\/v2\/pages"}],"about":[{"href":"https:\/\/boprojet.com\/index.php\/wp-json\/wp\/v2\/types\/page"}],"author":[{"embeddable":true,"href":"https:\/\/boprojet.com\/index.php\/wp-json\/wp\/v2\/users\/1"}],"replies":[{"embeddable":true,"href":"https:\/\/boprojet.com\/index.php\/wp-json\/wp\/v2\/comments?post=70"}],"version-history":[{"count":6,"href":"https:\/\/boprojet.com\/index.php\/wp-json\/wp\/v2\/pages\/70\/revisions"}],"predecessor-version":[{"id":310,"href":"https:\/\/boprojet.com\/index.php\/wp-json\/wp\/v2\/pages\/70\/revisions\/310"}],"wp:featuredmedia":[{"embeddable":true,"href":"https:\/\/boprojet.com\/index.php\/wp-json\/wp\/v2\/media\/309"}],"wp:attachment":[{"href":"https:\/\/boprojet.com\/index.php\/wp-json\/wp\/v2\/media?parent=70"}],"curies":[{"name":"wp","href":"https:\/\/api.w.org\/{rel}","templated":true}]}}